{"id":96,"date":"2017-09-05T10:55:59","date_gmt":"2017-09-05T10:55:59","guid":{"rendered":"http:\/\/demo.curlythemes.com\/art-gallery-wp\/?page_id=96"},"modified":"2023-12-21T16:23:36","modified_gmt":"2023-12-21T15:23:36","slug":"artist-1","status":"publish","type":"page","link":"https:\/\/www.galerie-initiales.com\/?page_id=96","title":{"rendered":"Eric Ruelland"},"content":{"rendered":"<div class=\"wpb-content-wrapper\">[vc_row curly_padding=\u00a0\u00bbcontent-padding\u00a0\u00bb css=\u00a0\u00bb.vc_custom_1504195713546{padding-bottom: 0px !important;}\u00a0\u00bb][vc_column][vc_column_text]\n<h1 class=\"display-2 special-title\" style=\"text-align: center;\">\u00a0Eric Ruelland<\/h1>\n[\/vc_column_text][vc_empty_space height=\u00a0\u00bb\u00a0\u00bb el_class=\u00a0\u00bbxtd-spacer\u00a0\u00bb][\/vc_column][vc_column width=\u00a0\u00bb1\/3&Prime;][vc_single_image image=\u00a0\u00bb325&Prime; img_size=\u00a0\u00bbfull\u00a0\u00bb style=\u00a0\u00bbxtd-shadow&#8211;normal-light\u00a0\u00bb el_class=\u00a0\u00bbxtd-offset-frame\u00a0\u00bb][vc_column_text][\/vc_column_text][\/vc_column][vc_column width=\u00a0\u00bb2\/3&Prime; offset=\u00a0\u00bbvc_col-lg-offset-1 vc_col-lg-7&Prime;][vc_column_text]Eric Ruelland est n\u00e9 \u00e0 Saint-Germain-En-Laye (France), il a des origines bretonnes. <span class=\"Y2IQFc\" lang=\"fr\">La peinture joue-t-elle avec le hasard ? Le hasard des coups de pinceaux qui vont cr\u00e9er des aspersions, des reliefs et de la profondeur. Intensifier les cr\u00e9ations en ins\u00e9rant du papier, du sable ou en travaillant avec un couteau subliment les \u0153uvres. Les zones de couleur ainsi cr\u00e9\u00e9es se r\u00e9pondront, s&rsquo;\u00e9quilibreront ou seront au contraire d\u00e9s\u00e9quilibr\u00e9es. Cela reliera un rectangle \u00e0 un rectangle plat, \u00e0 un trait, \u00e0 un avis. <\/span><\/p>\n<p><span class=\"Y2IQFc\" lang=\"fr\">L&rsquo;inspiration r\u00e9side dans la beaut\u00e9 des pierres de Paris, dans la pierre calcaire dor\u00e9e, travaill\u00e9e par le temps, us\u00e9e, tach\u00e9e. Cela peut aussi \u00eatre le ciel d&rsquo;Ile-de-France, du Languedoc. Mais aussi l&rsquo;\u00e9corce des arbres ou bien encore le lichen sur les rochers.<\/span><\/p>\n<p>Eric Ruelland a d\u00e9j\u00e0 expos\u00e9 \u00e0 Paris et \u00e0 New York. Sa client\u00e8le est internationale et ses derni\u00e8res dispersions se situent aux Etats-Unis, en France et au Danemark.<\/p>\n<p>En d\u00e9cembre 2023, Eric Ruelland a \u00e9t\u00e9 retenu par les Editions Scud\u00e9ry pour illustrer un livre d&rsquo;art des po\u00e8mes de Paul Eluard.<\/p>\n<p>En vente sous ce <a href=\"https:\/\/www.scudery.fr\/livres\/livre-d-art-1\/les-raisons-de-rever.html\">lien.<\/a>[\/vc_column_text][vc_raw_html]JTNDZGl2JTIwc3R5bGUlM0QlMjJ0ZXh0LWFsaWduJTNBY2VudGVyJTNCJTIyJTNFJTNDZGl2JTIwc3R5bGUlM0QlMjJtYXJnaW4lM0E4cHglMjAwcHglMjA0cHglM0IlMjIlM0UlM0NhJTIwaHJlZiUzRCUyMmh0dHBzJTNBJTJGJTJGd3d3LmNhbGFtZW8uY29tJTJGYm9va3MlMkYwMDY0OTgxNjJkNTVhOWJiYzU5MGYlMjIlMjB0YXJnZXQlM0QlMjJfYmxhbmslMjIlM0VMZXMlMjBSYWlzb25zJTIwZGUlMjByJUMzJUFBdmVyJTIwZGUlMjBQYXVsJTIwRWx1YXJkJTIwZXQlMjBFcmljJTIwUnVlbGxhbmQlMjBTY3VkZXJ5JTIwZXh0cmFpdHMlMjBJU0JOJTIwOTc4MjQ5MjUyNjA4NCUzQyUyRmElM0UlM0MlMkZkaXYlM0UlM0NpZnJhbWUlMjBzcmMlM0QlMjIlMkYlMkZ2LmNhbGFtZW8uY29tJTJGJTNGYmtjb2RlJTNEMDA2NDk4MTYyZDU1YTliYmM1OTBmJTI2bW9kZSUzRG1pbmklMjIlMjB3aWR0aCUzRCUyMjk2MCUyMiUyMGhlaWdodCUzRCUyMjYwMCUyMiUyMGZyYW1lYm9yZGVyJTNEJTIyMCUyMiUyMHNjcm9sbGluZyUzRCUyMm5vJTIyJTIwYWxsb3d0cmFuc3BhcmVuY3klMjBhbGxvd2Z1bGxzY3JlZW4lMjBzdHlsZSUzRCUyMm1hcmdpbiUzQTAlMjBhdXRvJTNCJTIyJTNFJTNDJTJGaWZyYW1lJTNFJTNDZGl2JTIwc3R5bGUlM0QlMjJtYXJnaW4lM0E0cHglMjAwcHglMjA4cHglMjAlM0MlMkZkaXYlM0U=[\/vc_raw_html][\/vc_column][\/vc_row][vc_row][vc_column][vc_gallery interval=\u00a0\u00bb3&Prime; images=\u00a0\u00bb332,334,10,330,331,455,453,454,452,450,451&Prime; img_size=\u00a0\u00bbfull\u00a0\u00bb][\/vc_column][\/vc_row]\n<\/div>","protected":false},"excerpt":{"rendered":"<p>[vc_row curly_padding=\u00a0\u00bbcontent-padding\u00a0\u00bb css=\u00a0\u00bb.vc_custom_1504195713546{padding-bottom: 0px !important;}\u00a0\u00bb][vc_column][vc_column_text] \u00a0Eric Ruelland [\/vc_column_text][vc_empty_space height=\u00a0\u00bb\u00a0\u00bb el_class=\u00a0\u00bbxtd-spacer\u00a0\u00bb][\/vc_column][vc_column width=\u00a0\u00bb1\/3&Prime;][vc_single_image image=\u00a0\u00bb325&Prime; img_size=\u00a0\u00bbfull\u00a0\u00bb style=\u00a0\u00bbxtd-shadow&#8211;normal-light\u00a0\u00bb el_class=\u00a0\u00bbxtd-offset-frame\u00a0\u00bb][vc_column_text][\/vc_column_text][\/vc_column][vc_column width=\u00a0\u00bb2\/3&Prime; offset=\u00a0\u00bbvc_col-lg-offset-1 vc_col-lg-7&Prime;][vc_column_text]Eric Ruelland est n\u00e9 \u00e0 Saint-Germain-En-Laye (France), il a des origines bretonnes. La peinture joue-t-elle avec le hasard ? Le hasard des coups de pinceaux qui vont cr\u00e9er des aspersions, des reliefs et de la profondeur. Intensifier les cr\u00e9ations en ins\u00e9rant du papier, [&hellip;]<\/p>\n","protected":false},"author":1,"featured_media":0,"parent":0,"menu_order":0,"comment_status":"closed","ping_status":"closed","template":"","meta":{"footnotes":""},"class_list":["post-96","page","type-page","status-publish","hentry"],"_links":{"self":[{"href":"https:\/\/www.galerie-initiales.com\/index.php?rest_route=\/wp\/v2\/pages\/96","targetHints":{"allow":["GET"]}}],"collection":[{"href":"https:\/\/www.galerie-initiales.com\/index.php?rest_route=\/wp\/v2\/pages"}],"about":[{"href":"https:\/\/www.galerie-initiales.com\/index.php?rest_route=\/wp\/v2\/types\/page"}],"author":[{"embeddable":true,"href":"https:\/\/www.galerie-initiales.com\/index.php?rest_route=\/wp\/v2\/users\/1"}],"replies":[{"embeddable":true,"href":"https:\/\/www.galerie-initiales.com\/index.php?rest_route=%2Fwp%2Fv2%2Fcomments&post=96"}],"version-history":[{"count":25,"href":"https:\/\/www.galerie-initiales.com\/index.php?rest_route=\/wp\/v2\/pages\/96\/revisions"}],"predecessor-version":[{"id":3129,"href":"https:\/\/www.galerie-initiales.com\/index.php?rest_route=\/wp\/v2\/pages\/96\/revisions\/3129"}],"wp:attachment":[{"href":"https:\/\/www.galerie-initiales.com\/index.php?rest_route=%2Fwp%2Fv2%2Fmedia&parent=96"}],"curies":[{"name":"wp","href":"https:\/\/api.w.org\/{rel}","templated":true}]}}